{"id":6562,"date":"2025-05-17T05:37:02","date_gmt":"2025-05-17T05:37:02","guid":{"rendered":"https:\/\/wpdev.nautilus-rovinj.com\/?page_id=6562"},"modified":"2025-05-24T09:17:32","modified_gmt":"2025-05-24T09:17:32","slug":"suradnja","status":"publish","type":"page","link":"https:\/\/nautilus-rovinj.com\/hr\/suradnja\/","title":{"rendered":"Suradnja"},"content":{"rendered":"<div data-elementor-type=\"wp-page\" data-elementor-id=\"6562\" class=\"elementor elementor-6562\" data-elementor-post-type=\"page\">\n\t\t\t\t<div class=\"elementor-element elementor-element-1b07797 e-con-full e-flex e-con e-parent\" data-id=\"1b07797\" data-element_type=\"container\">\n\t\t<div class=\"elementor-element elementor-element-d73dc4e e-con-full e-flex e-con e-child\" data-id=\"d73dc4e\" data-element_type=\"container\">\n\t\t\t\t<div class=\"elementor-element elementor-element-b821178 elementor-widget elementor-widget-heading\" data-id=\"b821178\" data-element_type=\"widget\" data-widget_type=\"heading.default\">\n\t\t\t\t<div class=\"elementor-widget-container\">\n\t\t\t\t\t<h4 class=\"elementor-heading-title elementor-size-default\">Suradnja<\/h4>\t\t\t\t<\/div>\n\t\t\t\t<\/div>\n\t\t\t\t<div class=\"elementor-element elementor-element-e59d9ec elementor-widget elementor-widget-spacer\" data-id=\"e59d9ec\" data-element_type=\"widget\" data-widget_type=\"spacer.default\">\n\t\t\t\t<div class=\"elementor-widget-container\">\n\t\t\t\t\t\t\t<div class=\"elementor-spacer\">\n\t\t\t<div class=\"elementor-spacer-inner\"><\/div>\n\t\t<\/div>\n\t\t\t\t\t\t<\/div>\n\t\t\t\t<\/div>\n\t\t\t\t<div class=\"elementor-element elementor-element-75b04d8 elementor-drop-cap-yes elementor-drop-cap-view-default elementor-widget elementor-widget-text-editor\" data-id=\"75b04d8\" data-element_type=\"widget\" data-settings=\"{&quot;drop_cap&quot;:&quot;yes&quot;}\" data-widget_type=\"text-editor.default\">\n\t\t\t\t<div class=\"elementor-widget-container\">\n\t\t\t\t\t\t\t\t\t<div id=\"t4-main-body\" class=\"t4-section t4-main-body\"><div class=\"t4-section-inner container\"><div class=\"t4-row row\"><div class=\"t4-col col-12 col-xl\"><div class=\"com-content-article item-page view-tour-detail\"><div id=\"tourContent\" class=\"tab-content\"><div id=\"info\" class=\"tab-pane fade show active\" role=\"tabpanel\" aria-labelledby=\"info-tab\"><div class=\"com-content-article__body\"><p>Po\u0161tovani iznajmljiva\u010di,<br \/>Turisti\u010dka agencija Nautilus, sa sjedi\u0161tem u Rovinju, predstavlja turisti\u010dku ponudu privatnog smje\u0161taja u Rovinju, Pore\u010du, Puli I ostalim istarskim gradovima putem vlastitih internet stranica I turisti\u010dkih portala.<br \/>Ovim putem pozivamo sve zainteresirane vlasnike apartmana, soba za najam, ku\u0107a za odmor, vila sa bazenom, pansiona I ostalih vrsta smje\u0161taja da nam se jave kako bi vlastite objekte uvrstili u na\u0161 katalog I to potpuno besplatno.<\/p><p>Nudimo suradnju \u201cna upit\u201d \u010dime Vam ostavljamo potpunu slobodu rada I sa ostalim agencijama. Uz to besplatno \u0107emo fotografirati vase apartmane I ogla\u0161avati ih na na\u0161im web stranicama.<br \/>Ostvarenom suradnjom uvelike pove\u0107avate mogu\u0107nost prodaje I popunjenja va\u0161ih smje\u0161tajnih jedinica kako u punoj sezoni tako I mjesecima van visoke sezone.<br \/>Va\u0161i \u0107e apartmani na taj na\u010din biti predstavljeni putem internet stranica prilago\u0111enim Njema\u010dkom, Talijanskom Slovenskom, Skandinavskom I dr. tr\u017ei\u0161tu, kao I putem na\u0161ih poslovnih partnera i stranih agencija.\u00a0<\/p><p>Besplatno \u0107emo vas reklamirati na velikom broju internet portala kao \u0161to su booking.com, AirBnB, Expedia, Trip advisor, VRBO, HomeAway, Fewo-Direkt, Holidu i mnogi drugi.<\/p><p>Ukoliko niste dr\u017eavljanin Hrvatske ili niste u mogu\u0107nosti brinuti se za va\u0161 smje\u0161taj, mo\u017eemo vam ponuditi uslugu \u201eHome care\u201c.<br \/>Usluga Home care je vrsta property managmenta u kojoj sa nama potpisujete poseban ugovor kojim se mi obvezujemo brinuti se o va\u0161em smje\u0161taju, rezervacijama pa \u010dak i gostima. Uz to osiguravamo i sljede\u0107e uslige: \u010di\u0161\u0107enje apartmana, ku\u0107a, vila, pranje i peglanje posteljine, odr\u017eavanje bazena, odr\u017eavanje oku\u0107noca. Ovu uslugu bi tako\u0111er mogli nazvati \u201eklju\u0107 u ruke\u201c jer sav posao oko iznajmljivanja va\u0161eg smje\u0161taja odra\u0111uje na\u0161 stru\u010dan tim ljudi.<\/p><p>Za sve dodatne upite stojimo vam na raspolaganju.<\/p><p>Neke od ponude mo\u017eete pogledati ovdje:<br \/><a href=\"http:\/\/www.rovinjapartments.eu\/\" rel=\"nofollow noopener\" target=\"_blank\">www.rovinjapartments.eu<\/a><\/p><p>Ako ste zainteresirani za suradnju mo\u017eete nas kontaktirati:<br \/>Putem emaila:\u00a0<span id=\"cloak3e0e7c9e4cbf662ab1525243e2cf1657\"><a href=\"mailto:info@nautilus-rovinj.com\">info@nautilus-rovinj.com<\/a><\/span><br \/>Pozivom na broj: +385 91 88 33 706<br \/>Dolaskom u na\u0161u agenciju na adresi: Matteo Benussi 1, 52210 Rovinj, Hrvatska<\/p><\/div><\/div><\/div><\/div><\/div><\/div><\/div><\/div>\t\t\t\t\t\t\t\t<\/div>\n\t\t\t\t<\/div>\n\t\t\t\t<div class=\"elementor-element elementor-element-7ccc60e elementor-widget elementor-widget-havezic-button\" data-id=\"7ccc60e\" data-element_type=\"widget\" data-widget_type=\"havezic-button.default\">\n\t\t\t\t<div class=\"elementor-widget-container\">\n\t\t\t\t\t        <div class=\"elementor-button-wrapper\">\n            <a href=\"https:\/\/wpdev.nautilus-rovinj.com\/contact-us\/\" class=\"elementor-button-link elementor-button elementor-size-lg\" role=\"button\">\n                        <span class=\"elementor-button-content-wrapper\">\n\t\t\t\t\t\t<span class=\"elementor-button-text\">Kontaktirajte nas<\/span>\n            \t\t<\/span>\n                    <\/a>\n        <\/div>\n        \t\t\t\t<\/div>\n\t\t\t\t<\/div>\n\t\t\t\t<\/div>\n\t\t<div class=\"elementor-element elementor-element-d3961c3 e-con-full e-flex e-con e-child\" data-id=\"d3961c3\" data-element_type=\"container\">\n\t\t<div class=\"elementor-element elementor-element-6773e29 e-con-full e-flex e-con e-child\" data-id=\"6773e29\" data-element_type=\"container\">\n\t\t\t\t<div class=\"elementor-element elementor-element-70cbd21 elementor-widget elementor-widget-heading\" data-id=\"70cbd21\" data-element_type=\"widget\" data-widget_type=\"heading.default\">\n\t\t\t\t<div class=\"elementor-widget-container\">\n\t\t\t\t\t<h2 class=\"elementor-heading-title elementor-size-default\">Hot Tours<\/h2>\t\t\t\t<\/div>\n\t\t\t\t<\/div>\n\t\t\t\t<div class=\"elementor-element elementor-element-edaf19f elementor-widget elementor-widget-babe-all-items\" data-id=\"edaf19f\" data-element_type=\"widget\" data-widget_type=\"babe-all-items.default\">\n\t\t\t\t<div class=\"elementor-widget-container\">\n\t\t\t\t\t\n            <div class=\"babe_shortcode_block sc_all_items  all-items-5\">\n                <div class=\"babe_shortcode_block_bg_inner\">\n                    <div class=\"babe_shortcode_block_inner d-grid\">\n                        <div class=\"babe_items babe_items_5 babe_items_list grid-item\">\n    <div class=\"babe_all_items_item_inner\">\n        <div class=\"item_img\">\n            <a class=\"item-thumb\" href=\"https:\/\/nautilus-rovinj.com\/hr\/tour\/plitvice-lakes\/\"><img decoding=\"async\" src=\"https:\/\/nautilus-rovinj.com\/wp-content\/uploads\/2025\/05\/nautilus-plitvice-1-scaled.jpg\" alt=\"Plitvice Lakes\" title=\"\"><\/a>        <\/div>\n        <div class=\"item_text\">\n            <div class=\"item_title\">\n                <a href=\"https:\/\/nautilus-rovinj.com\/hr\/tour\/plitvice-lakes\/\">Plitvice Lakes<\/a>\n            <\/div>\n            <div class=\"item_info_price\">\n                <span class=\"item_info_price_new\"><span class=\"currency_amount\" data-amount=\"60\"><span class=\"currency_symbol\">&euro;<\/span>60.00<\/span><\/span>\n                                            <\/div>\n        <\/div>\n    <\/div>\n<\/div>\n\n\n<div class=\"babe_items babe_items_5 babe_items_list grid-item\">\n    <div class=\"babe_all_items_item_inner\">\n        <div class=\"item_img\">\n            <a class=\"item-thumb\" href=\"https:\/\/nautilus-rovinj.com\/hr\/tour\/istria-tour-half-day\/\"><img decoding=\"async\" src=\"https:\/\/nautilus-rovinj.com\/wp-content\/uploads\/2025\/05\/2-1.jpg\" alt=\"Istria Tour\" title=\"\"><\/a>        <\/div>\n        <div class=\"item_text\">\n            <div class=\"item_title\">\n                <a href=\"https:\/\/nautilus-rovinj.com\/hr\/tour\/istria-tour-half-day\/\">Istria Tour<\/a>\n            <\/div>\n            <div class=\"item_info_price\">\n                <span class=\"item_info_price_new\"><span class=\"currency_amount\" data-amount=\"25\"><span class=\"currency_symbol\">&euro;<\/span>25.00<\/span><\/span>\n                                            <\/div>\n        <\/div>\n    <\/div>\n<\/div>\n\n\n\n                    <\/div>\n                <\/div>\n            <\/div>\n\t\t\t        \t\t\t\t<\/div>\n\t\t\t\t<\/div>\n\t\t\t\t<\/div>\n\t\t\t\t<\/div>\n\t\t\t\t<\/div>\n\t\t\t\t<\/div>","protected":false},"excerpt":{"rendered":"<p>Suradnja Po\u0161tovani iznajmljiva\u010di,Turisti\u010dka agencija Nautilus, sa sjedi\u0161tem u Rovinju, predstavlja turisti\u010dku ponudu privatnog smje\u0161taja u Rovinju, Pore\u010du, Puli I ostalim istarskim gradovima putem vlastitih internet stranica I turisti\u010dkih portala.Ovim putem pozivamo sve zainteresirane vlasnike apartmana, soba za najam, ku\u0107a za odmor, vila sa bazenom, pansiona I ostalih vrsta smje\u0161taja da nam se jave kako bi [&hellip;]<\/p>","protected":false},"author":1,"featured_media":0,"parent":0,"menu_order":0,"comment_status":"closed","ping_status":"closed","template":"","meta":{"footnotes":""},"class_list":["post-6562","page","type-page","status-publish","hentry"],"_links":{"self":[{"href":"https:\/\/nautilus-rovinj.com\/hr\/wp-json\/wp\/v2\/pages\/6562","targetHints":{"allow":["GET"]}}],"collection":[{"href":"https:\/\/nautilus-rovinj.com\/hr\/wp-json\/wp\/v2\/pages"}],"about":[{"href":"https:\/\/nautilus-rovinj.com\/hr\/wp-json\/wp\/v2\/types\/page"}],"author":[{"embeddable":true,"href":"https:\/\/nautilus-rovinj.com\/hr\/wp-json\/wp\/v2\/users\/1"}],"replies":[{"embeddable":true,"href":"https:\/\/nautilus-rovinj.com\/hr\/wp-json\/wp\/v2\/comments?post=6562"}],"version-history":[{"count":10,"href":"https:\/\/nautilus-rovinj.com\/hr\/wp-json\/wp\/v2\/pages\/6562\/revisions"}],"predecessor-version":[{"id":7007,"href":"https:\/\/nautilus-rovinj.com\/hr\/wp-json\/wp\/v2\/pages\/6562\/revisions\/7007"}],"wp:attachment":[{"href":"https:\/\/nautilus-rovinj.com\/hr\/wp-json\/wp\/v2\/media?parent=6562"}],"curies":[{"name":"wp","href":"https:\/\/api.w.org\/{rel}","templated":true}]}}