{"id":6451,"date":"2025-05-17T00:44:36","date_gmt":"2025-05-17T00:44:36","guid":{"rendered":"https:\/\/wpdev.nautilus-rovinj.com\/?page_id=6451"},"modified":"2025-05-17T06:01:12","modified_gmt":"2025-05-17T06:01:12","slug":"novosti","status":"publish","type":"page","link":"https:\/\/nautilus-rovinj.com\/hr\/novosti\/","title":{"rendered":"Novosti"},"content":{"rendered":"<div data-elementor-type=\"wp-page\" data-elementor-id=\"6451\" class=\"elementor elementor-6451\" data-elementor-post-type=\"page\">\n\t\t\t\t<div class=\"elementor-element elementor-element-72e959f e-flex e-con-boxed e-con e-parent\" data-id=\"72e959f\" data-element_type=\"container\">\n\t\t\t\t\t<div class=\"e-con-inner\">\n\t\t<div class=\"elementor-element elementor-element-2686c8f e-con-full e-flex e-con e-child\" data-id=\"2686c8f\" data-element_type=\"container\">\n\t\t\t\t<div class=\"elementor-element elementor-element-4263b56 elementor-widget elementor-widget-havezic-post-grid\" data-id=\"4263b56\" data-element_type=\"widget\" data-widget_type=\"havezic-post-grid.default\">\n\t\t\t\t<div class=\"elementor-widget-container\">\n\t\t\t\t\t        <div class=\"elementor-post-grid\">\n            <div class=\"elementor-post-wrapper elementor-post-style-1\">\n                <div class=\"d-grid\">\n                                                                    <div class=\"grid-item\">\n                                <div class=\"post-inner blog-grid\">\n    <div class=\"post-thumbnail\"><img fetchpriority=\"high\" decoding=\"async\" width=\"2560\" height=\"1696\" src=\"https:\/\/nautilus-rovinj.com\/wp-content\/uploads\/2025\/05\/istria-tours-5-scaled.jpeg\" class=\"attachment-havezic-post-grid size-havezic-post-grid wp-post-image\" alt=\"\" srcset=\"https:\/\/nautilus-rovinj.com\/wp-content\/uploads\/2025\/05\/istria-tours-5-scaled.jpeg 2560w, https:\/\/nautilus-rovinj.com\/wp-content\/uploads\/2025\/05\/istria-tours-5-300x199.jpeg 300w, https:\/\/nautilus-rovinj.com\/wp-content\/uploads\/2025\/05\/istria-tours-5-1024x678.jpeg 1024w, https:\/\/nautilus-rovinj.com\/wp-content\/uploads\/2025\/05\/istria-tours-5-768x509.jpeg 768w, https:\/\/nautilus-rovinj.com\/wp-content\/uploads\/2025\/05\/istria-tours-5-1536x1017.jpeg 1536w, https:\/\/nautilus-rovinj.com\/wp-content\/uploads\/2025\/05\/istria-tours-5-2048x1356.jpeg 2048w\" sizes=\"(max-width: 2560px) 100vw, 2560px\" title=\"\"><\/div>    <div class=\"post-content\">\n        <div class=\"entry-header\">\n            <div class=\"entry-meta\">\n                 <div class=\"categories-link\"><span class=\"screen-reader-text\">Categories<\/span><a href=\"https:\/\/nautilus-rovinj.com\/hr\/info\/novosti\/\" rel=\"category tag\">Novosti<\/a><\/div> <div class=\"posted-on\"><a href=\"https:\/\/nautilus-rovinj.com\/hr\/obrazac-tz-2-kako-ispuniti-i-poslati-za-2025\/\" rel=\"bookmark\"><time class=\"entry-date published\" datetime=\"2025-01-09T09:55:00+00:00\">9 sije\u010dnja, 2025<\/time><time class=\"updated\" datetime=\"2025-05-17T06:25:52+00:00\">17 svibnja, 2025<\/time><\/a><\/div> <div class=\"post-author\"><span class=\"text-author\">By <\/span><a href=\"https:\/\/nautilus-rovinj.com\/hr\/author\/admin\/\" class=\"url fn\" rel=\"author\">nautilus<\/a><\/div>            <\/div>\n            <h3 class=\"sigma entry-title\"><a href=\"https:\/\/nautilus-rovinj.com\/hr\/obrazac-tz-2-kako-ispuniti-i-poslati-za-2025\/\" rel=\"bookmark\">Obrazac TZ-2 kako ispuniti i poslati za 2025<\/a><\/h3>        <\/div>\n        <div class=\"entry-content\">\n            <div class=\"entry-excerpt\"><p>Po\u0161tovani iznajmljiva\u010di, S obzirom na novi zakon u vezi predaje i ispunjavanja obrasca tz 2, donosimo vam kratke upute. Najve\u0107a promjena je ta da se&nbsp;obrazac TZ2&nbsp;za 2025. godinu mo\u017ee predati isklju\u010divo putem sustava e-gra\u0111ani, odnosno e-porezna, a ne kako je to do sada bilo osobno ili putem emaila. Rok za ispunjavanje i predaju obrasca je [&hellip;]<\/p>\n<\/div>\n            <div class=\"more-link-wrap\"><a class=\"more-link\" href=\"https:\/\/nautilus-rovinj.com\/hr\/obrazac-tz-2-kako-ispuniti-i-poslati-za-2025\/\"> <span class=\"elementor-button-icon left\"><i class=\"havezic-icon-arrow-small-right\"><\/i><\/span>Read More<span class=\"elementor-button-icon right\"><i class=\"havezic-icon-arrow-small-right\"><\/i><\/span><\/a><\/div>        <\/div>\n    <\/div>\n<\/div>                            <\/div>\n                                                <div class=\"grid-item\">\n                                <div class=\"post-inner blog-grid\">\n    <div class=\"post-thumbnail\"><img decoding=\"async\" width=\"2560\" height=\"1707\" src=\"https:\/\/nautilus-rovinj.com\/wp-content\/uploads\/2025\/05\/nautilus-7-scaled.jpg\" class=\"attachment-havezic-post-grid size-havezic-post-grid wp-post-image\" alt=\"\" srcset=\"https:\/\/nautilus-rovinj.com\/wp-content\/uploads\/2025\/05\/nautilus-7-scaled.jpg 2560w, https:\/\/nautilus-rovinj.com\/wp-content\/uploads\/2025\/05\/nautilus-7-300x200.jpg 300w, https:\/\/nautilus-rovinj.com\/wp-content\/uploads\/2025\/05\/nautilus-7-1024x683.jpg 1024w, https:\/\/nautilus-rovinj.com\/wp-content\/uploads\/2025\/05\/nautilus-7-768x512.jpg 768w, https:\/\/nautilus-rovinj.com\/wp-content\/uploads\/2025\/05\/nautilus-7-1536x1024.jpg 1536w, https:\/\/nautilus-rovinj.com\/wp-content\/uploads\/2025\/05\/nautilus-7-2048x1366.jpg 2048w\" sizes=\"(max-width: 2560px) 100vw, 2560px\" title=\"\"><\/div>    <div class=\"post-content\">\n        <div class=\"entry-header\">\n            <div class=\"entry-meta\">\n                 <div class=\"categories-link\"><span class=\"screen-reader-text\">Categories<\/span><a href=\"https:\/\/nautilus-rovinj.com\/hr\/info\/novosti\/\" rel=\"category tag\">Novosti<\/a><\/div> <div class=\"posted-on\"><a href=\"https:\/\/nautilus-rovinj.com\/hr\/sezona-2023-u-rovinju\/\" rel=\"bookmark\"><time class=\"entry-date published\" datetime=\"2023-07-04T09:52:00+00:00\">4 srpnja, 2023<\/time><time class=\"updated\" datetime=\"2025-05-16T09:55:25+00:00\">16 svibnja, 2025<\/time><\/a><\/div> <div class=\"post-author\"><span class=\"text-author\">By <\/span><a href=\"https:\/\/nautilus-rovinj.com\/hr\/author\/admin\/\" class=\"url fn\" rel=\"author\">nautilus<\/a><\/div>            <\/div>\n            <h3 class=\"sigma entry-title\"><a href=\"https:\/\/nautilus-rovinj.com\/hr\/sezona-2023-u-rovinju\/\" rel=\"bookmark\">Sezona 2023 u Rovinju<\/a><\/h3>        <\/div>\n        <div class=\"entry-content\">\n            <div class=\"entry-excerpt\"><p>Kako i svake sezone tako i ova 2023. Donosi niz novosti, nepredvi\u0111enih situacija i novih izazova za iznajmljiva\u010de. Posljednjih dana tema je bila GDPR, odnosno smiju li&nbsp;iznajmljiva\u010di&nbsp;slikati dokumente gostiju kako bi ih prijavili. Pa je tako iza\u0161la i pri\u010da o \u0161panjolskom iznajmljiva\u010du koji je platio enormnu kaznu od 75.000 eura za kr\u0161enje GDPR-a od gosta. [&hellip;]<\/p>\n<\/div>\n            <div class=\"more-link-wrap\"><a class=\"more-link\" href=\"https:\/\/nautilus-rovinj.com\/hr\/sezona-2023-u-rovinju\/\"> <span class=\"elementor-button-icon left\"><i class=\"havezic-icon-arrow-small-right\"><\/i><\/span>Read More<span class=\"elementor-button-icon right\"><i class=\"havezic-icon-arrow-small-right\"><\/i><\/span><\/a><\/div>        <\/div>\n    <\/div>\n<\/div>                            <\/div>\n                                                        <\/div>\n            <\/div>\n                    <\/div>\n                        \t\t\t\t<\/div>\n\t\t\t\t<\/div>\n\t\t\t\t<\/div>\n\t\t<div class=\"elementor-element elementor-element-b762d5c e-con-full e-flex e-con e-child\" data-id=\"b762d5c\" data-element_type=\"container\">\n\t\t\t\t<div class=\"elementor-element elementor-element-7fdc778 elementor-widget elementor-widget-sidebar\" data-id=\"7fdc778\" data-element_type=\"widget\" data-widget_type=\"sidebar.default\">\n\t\t\t\t<div class=\"elementor-widget-container\">\n\t\t\t\t\t\t\t<div id=\"recent-posts-2\" class=\"widget widget_recent_entries\">\t\t<h2 class=\"gamma widget-title\">Recent Posts<\/h2><div class=\"widget-content\">\t\t<ul>\n\t\t\t\t\t\t\t\t\t\t\t<li>\n\t\t\t\t\t<div class=\"recent-posts-thumbnail\">\n\t\t\t\t\t\t<a href=\"https:\/\/nautilus-rovinj.com\/hr\/designer-stone-house\/\">\n\t\t\t\t\t\t\t<img decoding=\"async\" width=\"150\" height=\"150\" src=\"https:\/\/nautilus-rovinj.com\/wp-content\/uploads\/2026\/04\/rovinj-villa-stone-11-150x150.jpg\" class=\"attachment-thumbnail size-thumbnail wp-post-image\" alt=\"villa Stone House near Rovinj\" srcset=\"https:\/\/nautilus-rovinj.com\/wp-content\/uploads\/2026\/04\/rovinj-villa-stone-11-150x150.jpg 150w, https:\/\/nautilus-rovinj.com\/wp-content\/uploads\/2026\/04\/rovinj-villa-stone-11-500x500.jpg 500w\" sizes=\"(max-width: 150px) 100vw, 150px\" title=\"\">\t\t\t\t\t\t<\/a>\n\t\t\t\t\t<\/div>\n\t\t\t\t\t<div class=\"recent-posts-info\">\n                                                    <span class=\"post-date\">9 travnja, 2026<\/span>\n                        \t\t\t\t\t\t<p class=\"post-title\"><a href=\"https:\/\/nautilus-rovinj.com\/hr\/designer-stone-house\/\">Designer Stone House<\/a><\/p>\n                    <\/div>\n\n\t\t\t\t<\/li>\n\t\t\t\t\t\t\t\t\t\t\t<li>\n\t\t\t\t\t<div class=\"recent-posts-thumbnail\">\n\t\t\t\t\t\t<a href=\"https:\/\/nautilus-rovinj.com\/hr\/green-croatia\/\">\n\t\t\t\t\t\t\t<img loading=\"lazy\" decoding=\"async\" width=\"150\" height=\"150\" src=\"https:\/\/nautilus-rovinj.com\/wp-content\/uploads\/2026\/04\/gorski-kotar-6-150x150.jpg\" class=\"attachment-thumbnail size-thumbnail wp-post-image\" alt=\"green croatia - gorski kotar accommodation\" srcset=\"https:\/\/nautilus-rovinj.com\/wp-content\/uploads\/2026\/04\/gorski-kotar-6-150x150.jpg 150w, https:\/\/nautilus-rovinj.com\/wp-content\/uploads\/2026\/04\/gorski-kotar-6-500x500.jpg 500w\" sizes=\"(max-width: 150px) 100vw, 150px\" title=\"\">\t\t\t\t\t\t<\/a>\n\t\t\t\t\t<\/div>\n\t\t\t\t\t<div class=\"recent-posts-info\">\n                                                    <span class=\"post-date\">9 travnja, 2026<\/span>\n                        \t\t\t\t\t\t<p class=\"post-title\"><a href=\"https:\/\/nautilus-rovinj.com\/hr\/green-croatia\/\">Green Croatia<\/a><\/p>\n                    <\/div>\n\n\t\t\t\t<\/li>\n\t\t\t\t\t\t\t\t\t\t\t<li>\n\t\t\t\t\t<div class=\"recent-posts-thumbnail\">\n\t\t\t\t\t\t<a href=\"https:\/\/nautilus-rovinj.com\/hr\/come-compilare-il-modulo-tz2-tramite-egradani-eporezna\/\">\n\t\t\t\t\t\t\t\t\t\t\t\t\t<\/a>\n\t\t\t\t\t<\/div>\n\t\t\t\t\t<div class=\"recent-posts-info\">\n                                                    <span class=\"post-date\">13 sije\u010dnja, 2026<\/span>\n                        \t\t\t\t\t\t<p class=\"post-title\"><a href=\"https:\/\/nautilus-rovinj.com\/hr\/come-compilare-il-modulo-tz2-tramite-egradani-eporezna\/\">Come compilare il Modulo TZ2 tramite eGra\u0111ani \/ ePorezna<\/a><\/p>\n                    <\/div>\n\n\t\t\t\t<\/li>\n\t\t\t\t\t\t\t\t\t\t\t<li>\n\t\t\t\t\t<div class=\"recent-posts-thumbnail\">\n\t\t\t\t\t\t<a href=\"https:\/\/nautilus-rovinj.com\/hr\/how-to-fill-out-form-tz2-via-egradani-eporezna\/\">\n\t\t\t\t\t\t\t\t\t\t\t\t\t<\/a>\n\t\t\t\t\t<\/div>\n\t\t\t\t\t<div class=\"recent-posts-info\">\n                                                    <span class=\"post-date\">13 sije\u010dnja, 2026<\/span>\n                        \t\t\t\t\t\t<p class=\"post-title\"><a href=\"https:\/\/nautilus-rovinj.com\/hr\/how-to-fill-out-form-tz2-via-egradani-eporezna\/\">How to Fill Out Form TZ2 via eGra\u0111ani \/ ePorezna<\/a><\/p>\n                    <\/div>\n\n\t\t\t\t<\/li>\n\t\t\t\t\t<\/ul>\n\t\t<\/div><\/div>\t\t\t\t<\/div>\n\t\t\t\t<\/div>\n\t\t\t\t<\/div>\n\t\t\t\t\t<\/div>\n\t\t\t\t<\/div>\n\t\t<div class=\"elementor-element elementor-element-0486a5a e-flex e-con-boxed e-con e-parent\" data-id=\"0486a5a\" data-element_type=\"container\">\n\t\t\t\t\t<div class=\"e-con-inner\">\n\t\t\t\t\t<\/div>\n\t\t\t\t<\/div>\n\t\t\t\t<\/div>","protected":false},"excerpt":{"rendered":"<p>CategoriesNovosti January 9, 2025May 16, 2025 By admin Obrazac TZ-2 kako ispuniti i poslati za 2025 Po\u0161tovani iznajmljiva\u010di, S obzirom na novi zakon u vezi predaje i ispunjavanja obrasca tz 2, donosimo vam kratke upute. Najve\u0107a promjena je ta da se&nbsp;obrazac TZ2&nbsp;za 2025. godinu mo\u017ee predati isklju\u010divo putem sustava e-gra\u0111ani, odnosno e-porezna, a ne kako [&hellip;]<\/p>","protected":false},"author":1,"featured_media":0,"parent":0,"menu_order":0,"comment_status":"closed","ping_status":"closed","template":"","meta":{"footnotes":""},"class_list":["post-6451","page","type-page","status-publish","hentry"],"_links":{"self":[{"href":"https:\/\/nautilus-rovinj.com\/hr\/wp-json\/wp\/v2\/pages\/6451","targetHints":{"allow":["GET"]}}],"collection":[{"href":"https:\/\/nautilus-rovinj.com\/hr\/wp-json\/wp\/v2\/pages"}],"about":[{"href":"https:\/\/nautilus-rovinj.com\/hr\/wp-json\/wp\/v2\/types\/page"}],"author":[{"embeddable":true,"href":"https:\/\/nautilus-rovinj.com\/hr\/wp-json\/wp\/v2\/users\/1"}],"replies":[{"embeddable":true,"href":"https:\/\/nautilus-rovinj.com\/hr\/wp-json\/wp\/v2\/comments?post=6451"}],"version-history":[{"count":22,"href":"https:\/\/nautilus-rovinj.com\/hr\/wp-json\/wp\/v2\/pages\/6451\/revisions"}],"predecessor-version":[{"id":6597,"href":"https:\/\/nautilus-rovinj.com\/hr\/wp-json\/wp\/v2\/pages\/6451\/revisions\/6597"}],"wp:attachment":[{"href":"https:\/\/nautilus-rovinj.com\/hr\/wp-json\/wp\/v2\/media?parent=6451"}],"curies":[{"name":"wp","href":"https:\/\/api.w.org\/{rel}","templated":true}]}}